{"id":7074,"date":"2022-10-23T17:18:56","date_gmt":"2022-10-23T15:18:56","guid":{"rendered":"https:\/\/www.sitebi.it\/?page_id=7074"},"modified":"2024-02-02T15:43:20","modified_gmt":"2024-02-02T14:43:20","slug":"about-5","status":"publish","type":"page","link":"https:\/\/www.sitebi.it\/index.php\/about-5\/","title":{"rendered":"Tecnica Bidimensionale"},"content":{"rendered":"\t\t<div data-elementor-type=\"wp-page\" data-elementor-id=\"7074\" class=\"elementor elementor-7074\">\n\t\t\t\t\t\t<section class=\"elementor-section elementor-top-section elementor-element elementor-element-ef2c2f6 elementor-section-full_width elementor-section-stretched elementor-section-height-default elementor-section-height-default\" data-id=\"ef2c2f6\" data-element_type=\"section\" data-e-type=\"section\" data-settings=\"{&quot;stretch_section&quot;:&quot;section-stretched&quot;}\">\n\t\t\t\t\t\t<div class=\"elementor-container elementor-column-gap-default\">\n\t\t\t\t\t<div class=\"elementor-column elementor-col-100 elementor-top-column elementor-element elementor-element-a4a3018\" data-id=\"a4a3018\" data-element_type=\"column\" data-e-type=\"column\">\n\t\t\t<div class=\"elementor-widget-wrap elementor-element-populated\">\n\t\t\t\t\t\t<div class=\"elementor-element elementor-element-7c26cb5 elementor-widget elementor-widget-wpzoom-elementor-addons-slider\" data-id=\"7c26cb5\" data-element_type=\"widget\" data-e-type=\"widget\" data-settings=\"{&quot;animation_speed&quot;:300,&quot;autoplay&quot;:&quot;yes&quot;,&quot;autoplay_speed&quot;:3000,&quot;loop&quot;:&quot;yes&quot;,&quot;slides_to_show&quot;:1,&quot;slides_to_show_tablet&quot;:1,&quot;slides_to_show_mobile&quot;:1,&quot;navigation&quot;:&quot;arrow&quot;}\" data-widget_type=\"wpzoom-elementor-addons-slider.default\">\n\t\t\t\t<div class=\"elementor-widget-container\">\n\t\t\t\t\t<div class=\"wpzjs-slick wpz-slick wpz-slick--slider\">\n\n\t\t\t\n\t\t\t\t<div class=\"wpz-slick-slide\">\n\n\t\t\t\t\t<div class=\"wpz-slick-item\">\n\n\t\t\t\t\t\t\t\t\t\t\t\t\t<img decoding=\"async\" class=\"wpz-slick-img\" src=\"https:\/\/www.sitebi.it\/wp-content\/uploads\/2022\/07\/cropped-Boston_APP_smart_city2.jpg\" alt=\"Tecnica Bidimensionale\">\n\t\t\t\t\t\t\n\t\t\t\t\t\t\n\t\t\t\t\t\t\t\t\t\t\t\t\t<div class=\"wpz-slick-content\">\n\t\t\t\t\t\t\t\t\t\t\t\t\t\t\t\t\t<h2 class=\"wpz-slick-title\">Tecnica Bidimensionale<\/h2>\n\t\t\t\t\t\t\t\t\t\t\t\t\t\t\t\t\t\t\t\t\t\t\t<\/div>\n\t\t\t\t\t\t\n\t\t\t\t\t<\/div>\n\n\t\t\t\t<\/div>\n\n\t\t\t\n\t\t<\/div>\n\n\t\t\t\t\t<button type=\"button\" class=\"slick-prev\"><i aria-hidden=\"true\" class=\"fas fa-chevron-left\"><\/i><\/button>\n\t\t\n\t\t\t\t\t<button type=\"button\" class=\"slick-next\"><i aria-hidden=\"true\" class=\"fas fa-chevron-right\"><\/i><\/button>\n\t\t\n\t\t\t\t\t\t<\/div>\n\t\t\t\t<\/div>\n\t\t\t\t\t<\/div>\n\t\t<\/div>\n\t\t\t\t\t<\/div>\n\t\t<\/section>\n\t\t\t\t<section class=\"elementor-section elementor-top-section elementor-element elementor-element-c28e353 elementor-section-stretched elementor-section-boxed elementor-section-height-default elementor-section-height-default\" data-id=\"c28e353\" data-element_type=\"section\" data-e-type=\"section\" data-settings=\"{&quot;stretch_section&quot;:&quot;section-stretched&quot;,&quot;background_background&quot;:&quot;classic&quot;}\">\n\t\t\t\t\t\t\t<div class=\"elementor-background-overlay\"><\/div>\n\t\t\t\t\t\t\t<div class=\"elementor-container elementor-column-gap-extended\">\n\t\t\t\t\t<div class=\"elementor-column elementor-col-100 elementor-top-column elementor-element elementor-element-f30f708\" data-id=\"f30f708\" data-element_type=\"column\" data-e-type=\"column\">\n\t\t\t<div class=\"elementor-widget-wrap elementor-element-populated\">\n\t\t\t\t\t\t<div class=\"elementor-element elementor-element-ee5d407 elementor-widget elementor-widget-text-editor\" data-id=\"ee5d407\" data-element_type=\"widget\" data-e-type=\"widget\" data-widget_type=\"text-editor.default\">\n\t\t\t\t<div class=\"elementor-widget-container\">\n\t\t\t\t\t\t\t\t\t<p><strong>INTRODUZIONE<\/strong><\/p><p><br \/>La Tecnica Bidimensionale \u00e8 una tecnica edgewise in cui tutti gli spostamenti, incluso la chiusura degli spazi, vengono eseguiti per mezzo di meccaniche scorrevoli. Ci\u00f2 elimina l\u2019uso dei classici fili con anse, riducendo la necessit\u00e0 di modellare il filo e quindi il tempo alla poltrona.<br \/>Un secondo aspetto \u00e8 l\u2019abilit\u00e0 di controllare l\u2019ancoraggio degli incisivi inferiori, sia bilateralmente che monolateralmente. Ci\u00f2 significa che la posizione degli incisivi pu\u00f2 essere mantenuta durante la chiusura<br \/>degli spazi, riducendo la possibilit\u00e0 di una \u201csovraretrazione\u201d. E\u2019 possibile inoltre attuare una chiusura asimmetrica di spazi, senza alterare in maniera significativa la linea mediana.<\/p><p><strong>APPARECCHIATURE:<\/strong><\/p><p><br \/><em><strong>Arcata mascellare:<\/strong><\/em><\/p><ul><li>Incisivi: Brackets preangolari e pretorchiati 0.018\u00d70.025 (formula Roth) con slot verticale<\/li><li>Canini: Brackets preangolari (7\u00b0) 0.022\u00d70.028 con slot verticale e uncino distale<\/li><li>Premolari: Brackets edgewise standard 0.022\u00d70.028 con slot verticale<\/li><li>Molari: Bande con doppia cannula (quella per il filo \u00e8 0.022\u00d70.028 con 6\u00b0 di offset)<\/li><\/ul><p><em><strong>Arcata mandibolare:<\/strong><\/em><\/p><ul><li>Incisivi: Brackets edgewise standard 0.018\u00d70.025 con slot verticale<\/li><li>Canini: Brackets preangolari (5\u00b0) 0.022\u00d70.028 con slot verticale e uncino distale<\/li><li>Premolari: Brackets edgewise standard 0.022\u00d70.028 con slot verticale<\/li><li>Primi molari: Bande con doppio tubo convertibile (il tubo per il filo 0.022\u00d70.028)<\/li><li>Secondi Molari: Bande con tubo singolo 0.022\u00d70.028<\/li><li>Per facilitare ed aumentare la precisione nel posizionamento degli attacchi, questi sono corredati di un jig di posizionamento inserito nello slot orizzontale<\/li><\/ul><p><strong>LE ALTEZZE RISPETTIVE SONO:<\/strong><\/p><p><strong><em>Arcata superiore:<\/em><\/strong><\/p><ul><li>Incisivi Centrali: 4,5 mm<\/li><li>Incisivi Laterali: 4,0 mm<\/li><li>Canini Premolari: 4,5 mm<\/li><li>Molari: 4,0 mm<\/li><\/ul><p><em><strong>Arcata inferiore:<\/strong><\/em><\/p><ul><li>Incisivi centrali e laterali: 4,0 mm<\/li><li>Canini e premolari: 4,5 mm<\/li><li>Primi molari: 4,0 mm<\/li><li>Secondi molari: 3,5 mm<\/li><\/ul><p><strong>RETRAZIONE DEGLI INCISIVI SUPERIORI<\/strong><\/p><p>Per arretrare gli incisivi mascellari, si stringono su di un filo 0.018\u00d70.022 degli uncini tra gli incisivi laterali ed i canini e si usano meccaniche scorrevoli intra-arcata.<br \/>Questo movimento \u00e8 reso possibile dal fatto che la parte di filo che deve scorrere nei brackets e nei tubi 0.022\u00d70.028 \u00e8 adeguatamente sottomisura e pu\u00f2 muoversi con ragionevole libert\u00e0.<br \/>La forza indicata per la retrazione \u00e8 circa 350-400 gr.\/lato e viene applicata per mezzo di una molla Sentalloy (super-elastica) da 300 gr., attivata tendendola per circa 15 mm., dai molari all\u2019uncino sul filo.<br \/>Un punto importante da tenere presente \u00e8 che il filo possa scorrere liberamente nei brackets posteriori e nei tubi. Per questa ragione \u00e8 importante individuare e sostituire ogni elemento distorto.<br \/><br \/>Per mantenere la posizione dei denti posteriori (controllo dell\u2019ancoraggio) viene impiegata una Trazione Extra Orale. In aggiunta, vengono adoperati elastici di II classe sui canini superiori (che sono in un rapporto di I Classe).<br \/>Se tutto viene posto correttamente, la retrazione degli incisivi dovrebbe avvenire nella quantit\u00e0 di almeno 1 mm\/mese. Se non si verificano spostamenti (avendo escluso un eventuale grippaggio) generalmente ci\u00f2 \u00e8 causato da un livello di forza insufficiente. In queste condizioni, aumentare la forza determina generalmente i risultati attesi.<br \/>La forza di I classe cos\u00ec intensa, tesa dai molari agli incisivi, se non viene controbilanciata, provocher\u00e0 la rotazione dei molari.<\/p><p>E\u2019 importante perci\u00f2 prevenire questa rotazione introducendo nel filo un \u201ctoe in\u201d di 10\u00b0 \u2013 15\u00b0 a livello dei molari. La piega viene generalmente costruita a partire da un punto posto distalmente al secondo premolare per permettere al filo di avere spazio sufficiente per scorrere senza impedimento durante la fase di arretramento.<\/p>\t\t\t\t\t\t\t\t<\/div>\n\t\t\t\t<\/div>\n\t\t\t\t\t<\/div>\n\t\t<\/div>\n\t\t\t\t\t<\/div>\n\t\t<\/section>\n\t\t\t\t<\/div>\n\t\t","protected":false},"excerpt":{"rendered":"<p>Tecnica Bidimensionale INTRODUZIONE La Tecnica Bidimensionale \u00e8 una tecnica edgewise in cui tutti gli spostamenti, incluso la chiusura degli spazi, vengono eseguiti per mezzo di meccaniche scorrevoli. Ci\u00f2 elimina l\u2019uso dei classici fili con anse, riducendo la necessit\u00e0 di modellare il filo e quindi il tempo alla poltrona.Un secondo aspetto \u00e8 l\u2019abilit\u00e0 di controllare l\u2019ancoraggio degli incisivi inferiori, sia bilateralmente che monolateralmente. Ci\u00f2 significa che la posizione degli incisivi pu\u00f2 essere mantenuta durante la chiusuradegli [&hellip;]<\/p>\n","protected":false},"author":1,"featured_media":0,"parent":0,"menu_order":0,"comment_status":"closed","ping_status":"closed","template":"elementor_theme","meta":{"footnotes":""},"class_list":["post-7074","page","type-page","status-publish","hentry"],"aioseo_notices":[],"featured_media_urls":[],"_links":{"self":[{"href":"https:\/\/www.sitebi.it\/index.php\/wp-json\/wp\/v2\/pages\/7074","targetHints":{"allow":["GET"]}}],"collection":[{"href":"https:\/\/www.sitebi.it\/index.php\/wp-json\/wp\/v2\/pages"}],"about":[{"href":"https:\/\/www.sitebi.it\/index.php\/wp-json\/wp\/v2\/types\/page"}],"author":[{"embeddable":true,"href":"https:\/\/www.sitebi.it\/index.php\/wp-json\/wp\/v2\/users\/1"}],"replies":[{"embeddable":true,"href":"https:\/\/www.sitebi.it\/index.php\/wp-json\/wp\/v2\/comments?post=7074"}],"version-history":[{"count":8,"href":"https:\/\/www.sitebi.it\/index.php\/wp-json\/wp\/v2\/pages\/7074\/revisions"}],"predecessor-version":[{"id":7376,"href":"https:\/\/www.sitebi.it\/index.php\/wp-json\/wp\/v2\/pages\/7074\/revisions\/7376"}],"wp:attachment":[{"href":"https:\/\/www.sitebi.it\/index.php\/wp-json\/wp\/v2\/media?parent=7074"}],"curies":[{"name":"wp","href":"https:\/\/api.w.org\/{rel}","templated":true}]}}